{"id":479,"date":"2021-02-15T00:02:19","date_gmt":"2021-02-15T03:02:19","guid":{"rendered":"http:\/\/cursocomunitariobonsucesso.com.br\/site\/?page_id=479"},"modified":"2021-02-15T00:36:22","modified_gmt":"2021-02-15T03:36:22","slug":"fizparte","status":"publish","type":"page","link":"https:\/\/cursocomunitariobonsucesso.com.br\/site\/fizparte\/","title":{"rendered":"Fiz Parte"},"content":{"rendered":"\n<p class=\"has-medium-font-size\">Se voc\u00ea j\u00e1 participou do Cursinho, voc\u00ea \u00e9 parte da hist\u00f3ria dele. Deixe no formul\u00e1rio abaixo algumas informa\u00e7\u00f5es de contato e seus relatos do tempo de participante. Ao final do cadastro, acesse o canal no Telegram no link que ser\u00e1 apresentado. \u00c9 a oportunidade expandir a sua rede de contatos, o t\u00e3o conhecido networking e reencontrar pessoas que estudaram com voc\u00ea.<\/p>\n\n\n\n<p class=\"has-medium-font-size\">Temos uma se\u00e7\u00e3o em nosso site direcionada aos depoimentos sobre trajet\u00f3ria acad\u00eamica\/profissional durante e p\u00f3s cursinho. Caso tenha interesse, entre em contato conosco para que possamos desenvolver em conjunto uma postagem dedicada a voc\u00ea. <\/p>\n\n\n\n<iframe src=\"https:\/\/docs.google.com\/forms\/d\/e\/1FAIpQLScx55DZ1qvPE-Cq2_UOyW0XTilstNGttagRyAiAyHdzyt1thg\/viewform?embedded=true\" marginheight=\"0\" marginwidth=\"0\" width=\"640\" height=\"3300\" frameborder=\"0\">Carregando\u2026<\/iframe>\n<div class='sfsi_Sicons' style='width: 100%; display: inline-block; vertical-align: middle; text-align:left'><div style='margin:0px 8px 0px 0px; line-height: 24px'><span>Compartilhe, curta e siga!!!<\/span><\/div><div class='sfsi_socialwpr'><div class='sf_fb_share sf_icon' style='text-align:left;vertical-align: middle;'><a href='https:\/\/www.facebook.com\/sharer\/sharer.php?u=https%3A%2F%2Fcursocomunitariobonsucesso.com.br%2Fsite%2Ffizparte%2F' style='display:inline-block;'  > <img class='sfsi_wicon'  data-pin-nopin='true' width='auto' height='auto' alt='fb-share-icon' title='Facebook Share' src='https:\/\/cursocomunitariobonsucesso.com.br\/site\/wp-content\/plugins\/ultimate-social-media-icons\/images\/visit_icons\/fbshare_bck.png'  \/><\/a><\/div><div class='sf_twiter sf_icon' style='display: inline-block;vertical-align: middle;width: auto;margin-left: 7px;'>\r\n\t\t\t\t\t\t<a target='_blank' href='https:\/\/twitter.com\/intent\/tweet?text=Fiz+Parte+https:\/\/cursocomunitariobonsucesso.com.br\/site\/fizparte\/'style='display:inline-block' >\r\n\t\t\t\t\t\t\t<img data-pin-nopin= true width='auto' class='sfsi_wicon' src='https:\/\/cursocomunitariobonsucesso.com.br\/site\/wp-content\/plugins\/ultimate-social-media-icons\/images\/visit_icons\/en_US_Tweet.svg' alt='Tweet' title='Tweet' >\r\n\t\t\t\t\t\t<\/a>\r\n\t\t\t\t\t<\/div><\/div><\/div>","protected":false},"excerpt":{"rendered":"<p>Se voc\u00ea j\u00e1 participou do Cursinho, voc\u00ea \u00e9 parte da hist\u00f3ria dele. Deixe no formul\u00e1rio abaixo algumas informa\u00e7\u00f5es de contato e seus relatos do tempo de participante. Ao final do cadastro, acesse o canal no Telegram no link que ser\u00e1 apresentado. \u00c9 a oportunidade expandir a sua rede de contatos, o t\u00e3o conhecido networking e [&hellip;]<\/p>\n","protected":false},"author":1,"featured_media":0,"parent":0,"menu_order":0,"comment_status":"closed","ping_status":"closed","template":"","meta":[],"_links":{"self":[{"href":"https:\/\/cursocomunitariobonsucesso.com.br\/site\/wp-json\/wp\/v2\/pages\/479"}],"collection":[{"href":"https:\/\/cursocomunitariobonsucesso.com.br\/site\/wp-json\/wp\/v2\/pages"}],"about":[{"href":"https:\/\/cursocomunitariobonsucesso.com.br\/site\/wp-json\/wp\/v2\/types\/page"}],"author":[{"embeddable":true,"href":"https:\/\/cursocomunitariobonsucesso.com.br\/site\/wp-json\/wp\/v2\/users\/1"}],"replies":[{"embeddable":true,"href":"https:\/\/cursocomunitariobonsucesso.com.br\/site\/wp-json\/wp\/v2\/comments?post=479"}],"version-history":[{"count":9,"href":"https:\/\/cursocomunitariobonsucesso.com.br\/site\/wp-json\/wp\/v2\/pages\/479\/revisions"}],"predecessor-version":[{"id":496,"href":"https:\/\/cursocomunitariobonsucesso.com.br\/site\/wp-json\/wp\/v2\/pages\/479\/revisions\/496"}],"wp:attachment":[{"href":"https:\/\/cursocomunitariobonsucesso.com.br\/site\/wp-json\/wp\/v2\/media?parent=479"}],"curies":[{"name":"wp","href":"https:\/\/api.w.org\/{rel}","templated":true}]}}