{"id":352,"date":"2021-01-27T22:29:10","date_gmt":"2021-01-28T01:29:10","guid":{"rendered":"http:\/\/cursocomunitariobonsucesso.com.br\/site\/?page_id=352"},"modified":"2021-02-18T21:16:40","modified_gmt":"2021-02-19T00:16:40","slug":"doacoes","status":"publish","type":"page","link":"https:\/\/cursocomunitariobonsucesso.com.br\/site\/doacoes\/","title":{"rendered":"Doa\u00e7\u00f5es"},"content":{"rendered":"\n<p class=\"has-medium-font-size\">Em breve lan\u00e7aremos os programas de doa\u00e7\u00f5es do cursinho.<\/p>\n<div class='sfsi_Sicons' style='width: 100%; display: inline-block; vertical-align: middle; text-align:left'><div style='margin:0px 8px 0px 0px; line-height: 24px'><span>Compartilhe, curta e siga!!!<\/span><\/div><div class='sfsi_socialwpr'><div class='sf_fb_share sf_icon' style='text-align:left;vertical-align: middle;'><a href='https:\/\/www.facebook.com\/sharer\/sharer.php?u=https%3A%2F%2Fcursocomunitariobonsucesso.com.br%2Fsite%2Fdoacoes%2F' style='display:inline-block;'  > <img class='sfsi_wicon'  data-pin-nopin='true' width='auto' height='auto' alt='fb-share-icon' title='Facebook Share' src='https:\/\/cursocomunitariobonsucesso.com.br\/site\/wp-content\/plugins\/ultimate-social-media-icons\/images\/visit_icons\/fbshare_bck.png'  \/><\/a><\/div><div class='sf_twiter sf_icon' style='display: inline-block;vertical-align: middle;width: auto;margin-left: 7px;'>\r\n\t\t\t\t\t\t<a target='_blank' href='https:\/\/twitter.com\/intent\/tweet?text=Doa%C3%A7%C3%B5es+https:\/\/cursocomunitariobonsucesso.com.br\/site\/doacoes\/'style='display:inline-block' >\r\n\t\t\t\t\t\t\t<img data-pin-nopin= true width='auto' class='sfsi_wicon' src='https:\/\/cursocomunitariobonsucesso.com.br\/site\/wp-content\/plugins\/ultimate-social-media-icons\/images\/visit_icons\/en_US_Tweet.svg' alt='Tweet' title='Tweet' >\r\n\t\t\t\t\t\t<\/a>\r\n\t\t\t\t\t<\/div><\/div><\/div>","protected":false},"excerpt":{"rendered":"<p>Em breve lan\u00e7aremos os programas de doa\u00e7\u00f5es do cursinho. Compartilhe, curta e siga!!!<\/p>\n","protected":false},"author":1,"featured_media":0,"parent":0,"menu_order":0,"comment_status":"closed","ping_status":"closed","template":"","meta":[],"_links":{"self":[{"href":"https:\/\/cursocomunitariobonsucesso.com.br\/site\/wp-json\/wp\/v2\/pages\/352"}],"collection":[{"href":"https:\/\/cursocomunitariobonsucesso.com.br\/site\/wp-json\/wp\/v2\/pages"}],"about":[{"href":"https:\/\/cursocomunitariobonsucesso.com.br\/site\/wp-json\/wp\/v2\/types\/page"}],"author":[{"embeddable":true,"href":"https:\/\/cursocomunitariobonsucesso.com.br\/site\/wp-json\/wp\/v2\/users\/1"}],"replies":[{"embeddable":true,"href":"https:\/\/cursocomunitariobonsucesso.com.br\/site\/wp-json\/wp\/v2\/comments?post=352"}],"version-history":[{"count":7,"href":"https:\/\/cursocomunitariobonsucesso.com.br\/site\/wp-json\/wp\/v2\/pages\/352\/revisions"}],"predecessor-version":[{"id":650,"href":"https:\/\/cursocomunitariobonsucesso.com.br\/site\/wp-json\/wp\/v2\/pages\/352\/revisions\/650"}],"wp:attachment":[{"href":"https:\/\/cursocomunitariobonsucesso.com.br\/site\/wp-json\/wp\/v2\/media?parent=352"}],"curies":[{"name":"wp","href":"https:\/\/api.w.org\/{rel}","templated":true}]}}