{"id":319,"date":"2021-01-20T09:43:03","date_gmt":"2021-01-20T12:43:03","guid":{"rendered":"http:\/\/cursocomunitariobonsucesso.com.br\/site\/?page_id=319"},"modified":"2024-02-28T14:43:10","modified_gmt":"2024-02-28T17:43:10","slug":"quero-estudar","status":"publish","type":"page","link":"https:\/\/cursocomunitariobonsucesso.com.br\/site\/quero-estudar\/","title":{"rendered":"Quero Estudar"},"content":{"rendered":"\n<p class=\"has-medium-font-size\">Fique de olho em nosso per\u00edodo de inscri\u00e7\u00f5es.<\/p>\n\n\n\n<p class=\"has-medium-font-size\">Clique no bot\u00e3o abaixo:<\/p>\n\n\n\n<div class=\"wp-block-buttons\">\n<div class=\"wp-block-button is-style-fill\"><a class=\"wp-block-button__link has-white-color has-vivid-cyan-blue-background-color has-text-color has-background\" href=\"http:\/\/cursocomunitariobonsucesso.com.br\/site\/inscricoes\" target=\"_blank\" rel=\"noreferrer noopener\">Quero fazer minha inscri\u00e7\u00e3o<\/a><\/div>\n<\/div>\n\n\n\n<p><\/p>\n<div class='sfsi_Sicons' style='width: 100%; display: inline-block; vertical-align: middle; text-align:left'><div style='margin:0px 8px 0px 0px; line-height: 24px'><span>Compartilhe, curta e siga!!!<\/span><\/div><div class='sfsi_socialwpr'><div class='sf_fb_share sf_icon' style='text-align:left;vertical-align: middle;'><a href='https:\/\/www.facebook.com\/sharer\/sharer.php?u=https%3A%2F%2Fcursocomunitariobonsucesso.com.br%2Fsite%2Fquero-estudar%2F' style='display:inline-block;'  > <img class='sfsi_wicon'  data-pin-nopin='true' width='auto' height='auto' alt='fb-share-icon' title='Facebook Share' src='https:\/\/cursocomunitariobonsucesso.com.br\/site\/wp-content\/plugins\/ultimate-social-media-icons\/images\/visit_icons\/fbshare_bck.png'  \/><\/a><\/div><div class='sf_twiter sf_icon' style='display: inline-block;vertical-align: middle;width: auto;margin-left: 7px;'>\r\n\t\t\t\t\t\t<a target='_blank' href='https:\/\/twitter.com\/intent\/tweet?text=Quero+Estudar+https:\/\/cursocomunitariobonsucesso.com.br\/site\/quero-estudar\/'style='display:inline-block' >\r\n\t\t\t\t\t\t\t<img data-pin-nopin= true width='auto' class='sfsi_wicon' src='https:\/\/cursocomunitariobonsucesso.com.br\/site\/wp-content\/plugins\/ultimate-social-media-icons\/images\/visit_icons\/en_US_Tweet.svg' alt='Tweet' title='Tweet' >\r\n\t\t\t\t\t\t<\/a>\r\n\t\t\t\t\t<\/div><\/div><\/div>","protected":false},"excerpt":{"rendered":"<p>Fique de olho em nosso per\u00edodo de inscri\u00e7\u00f5es. Clique no bot\u00e3o abaixo: Compartilhe, curta e siga!!!<\/p>\n","protected":false},"author":1,"featured_media":0,"parent":0,"menu_order":0,"comment_status":"closed","ping_status":"closed","template":"","meta":[],"_links":{"self":[{"href":"https:\/\/cursocomunitariobonsucesso.com.br\/site\/wp-json\/wp\/v2\/pages\/319"}],"collection":[{"href":"https:\/\/cursocomunitariobonsucesso.com.br\/site\/wp-json\/wp\/v2\/pages"}],"about":[{"href":"https:\/\/cursocomunitariobonsucesso.com.br\/site\/wp-json\/wp\/v2\/types\/page"}],"author":[{"embeddable":true,"href":"https:\/\/cursocomunitariobonsucesso.com.br\/site\/wp-json\/wp\/v2\/users\/1"}],"replies":[{"embeddable":true,"href":"https:\/\/cursocomunitariobonsucesso.com.br\/site\/wp-json\/wp\/v2\/comments?post=319"}],"version-history":[{"count":28,"href":"https:\/\/cursocomunitariobonsucesso.com.br\/site\/wp-json\/wp\/v2\/pages\/319\/revisions"}],"predecessor-version":[{"id":1534,"href":"https:\/\/cursocomunitariobonsucesso.com.br\/site\/wp-json\/wp\/v2\/pages\/319\/revisions\/1534"}],"wp:attachment":[{"href":"https:\/\/cursocomunitariobonsucesso.com.br\/site\/wp-json\/wp\/v2\/media?parent=319"}],"curies":[{"name":"wp","href":"https:\/\/api.w.org\/{rel}","templated":true}]}}