{"id":305,"date":"2021-01-16T15:17:51","date_gmt":"2021-01-16T18:17:51","guid":{"rendered":"http:\/\/cursocomunitariobonsucesso.com.br\/site\/?page_id=305"},"modified":"2025-02-21T00:43:48","modified_gmt":"2025-02-21T03:43:48","slug":"como-funciona","status":"publish","type":"page","link":"https:\/\/cursocomunitariobonsucesso.com.br\/site\/como-funciona\/","title":{"rendered":"Como Funciona"},"content":{"rendered":"\n<p class=\"has-black-color has-text-color has-medium-font-size\">O Cursinho Comunit\u00e1rio Bonsucesso \u00e9 um projeto sem fins lucrativos composto por volunt\u00e1rios de diversas \u00e1reas, desde os professores que atuam em sala de aula com conte\u00fado, passando pelos orientadores (ex-alunos, universit\u00e1rios) que colaboram na organiza\u00e7\u00e3o das aulas virtualmente e presencialmente, pais e agentes da comunidade que colaboram no almo\u00e7o e finalmente os alunos que recebem o conte\u00fado e ao mesmo tempo s\u00e3o monitores fazendo monitoria dos conte\u00fados (lista de exerc\u00edcios) e das demais atividades rotineiras do projeto.<\/p>\n\n\n\n<p class=\"has-black-color has-text-color has-medium-font-size\">Sobre a monitoria mencionada, todo aluno matriculado no projeto ter\u00e1 papel ativo nas atividades do projeto, principalmente aquelas que refletem no que acontece em sala de aula (presencial ou virtual), j\u00e1 que o aluno \u00e9 quem sempre est\u00e1 presente durante a realiza\u00e7\u00e3o das aulas. Alguns exemplos de atividades de monitoria s\u00e3o: <\/p>\n\n\n\n<p class=\"has-black-color has-text-color has-medium-font-size\">* Cria\u00e7\u00e3o e corre\u00e7\u00e3o de listas de exerc\u00edcios, aplica\u00e7\u00e3o e corre\u00e7\u00e3o de simulados; <\/p>\n\n\n\n<p class=\"has-black-color has-text-color has-medium-font-size\">* Participa\u00e7\u00e3o nos grupos de estudos para resolu\u00e7\u00e3o de listas de exerc\u00edcios;  <\/p>\n\n\n\n<p class=\"has-black-color has-text-color has-medium-font-size\">* Orienta\u00e7\u00e3o sobre os procedimentos de isen\u00e7\u00e3o e inscri\u00e7\u00e3o nos vestibulares; <\/p>\n\n\n\n<p class=\"has-black-color has-text-color has-medium-font-size\">* Colabora\u00e7\u00e3o em atividades de visitas externas a museus e feiras; colabora\u00e7\u00e3o nas atividades de sarau e feira de ci\u00eancias; <\/p>\n\n\n\n<p class=\"has-black-color has-text-color has-medium-font-size\">* Colabora\u00e7\u00e3o nas atividades voltadas a \u00e1rea de psicologia e assist\u00eancia social que envolvam, inclusive, os respons\u00e1veis pelo aluno em encontros que o projeto organizar\u00e1; <\/p>\n\n\n\n<p class=\"has-black-color has-text-color has-medium-font-size\">* Colabora\u00e7\u00e3o nas informa\u00e7\u00f5es veiculadas nas m\u00eddias sociais do projeto.<\/p>\n\n\n\n<p class=\"has-black-color has-text-color has-medium-font-size\">As atividades de monitoria est\u00e3o sendo sempre orientadas pela coordena\u00e7\u00e3o do projeto, orientadores (Professores e Universit\u00e1rios que j\u00e1 foram alunos do Cursinho), sendo a oportunidade do aprendizado continuo atrav\u00e9s da troca de experi\u00eancia entre os envolvidos.<\/p>\n\n\n\n<p class=\"has-black-color has-text-color has-medium-font-size\"><strong>Aulas:<\/strong><\/p>\n\n\n\n<p class=\"has-black-color has-text-color has-medium-font-size\">S\u00e1bados das 8h \u00e0s 17h e domingos das 8h \u00e0s 13h<\/p>\n\n\n\n<p class=\"has-black-color has-text-color has-medium-font-size\">Aos s\u00e1bados contamos com almo\u00e7o no local preparado pelos volunt\u00e1rios, servido no hor\u00e1rio das 12h \u00e0s 13h.<\/p>\n\n\n\n<p class=\"has-black-color has-text-color has-medium-font-size\"><strong>Local<\/strong> <\/p>\n\n\n\n<p class=\"has-black-color has-text-color has-medium-font-size\">As aulas acontecer\u00e3o no CEU Bonsucesso durante o ano de 2025 <\/p>\n\n\n\n<p class=\"has-black-color has-text-color has-medium-font-size\"><strong>Dura\u00e7\u00e3o do Curso<\/strong><\/p>\n\n\n\n<p class=\"has-black-color has-text-color has-medium-font-size\">O per\u00edodo do curso \u00e9 de mar\u00e7o at\u00e9 novembro, visando a prepara\u00e7\u00e3o para o ENEM, porta de entrada para bolsas de estudos em faculdades privadas e SISU (Sele\u00e7\u00e3o para universidades p\u00fablicas federais) e as faculdades p\u00fablicas estaduais como USP, Unicamp e Unesp.<\/p>\n\n\n\n<p class=\"has-black-color has-text-color has-medium-font-size\"><strong>Suporte ao estudo<\/strong><\/p>\n\n\n\n<p class=\"has-black-color has-text-color has-medium-font-size\">S\u00e3o realizadas atividades presenciais e virtuais como grupos de estudos, para pr\u00e1tica daquilo que \u00e9 visto em sala de aula, de forma a mensurar a aprendizagem do aluno e diagnosticar o que \u00e9 preciso refor\u00e7ar.<\/p>\n\n\n\n<p class=\"has-black-color has-text-color has-medium-font-size\">Os grupos de estudos ser\u00e3o organizados para que aconte\u00e7am em at\u00e9 tr\u00eas vezes na semana, contemplando cada \u00e1rea do conhecimento (Exatas, Humanas e Biol\u00f3gicas) nos per\u00edodos da tarde e no per\u00edodo da noite, neste \u00faltimo caso, para beneficiar quem trabalha ou estuda durante o hor\u00e1rio comercial.<\/p>\n\n\n\n<p class=\"has-black-color has-text-color has-medium-font-size\">Durante o ano s\u00e3o realizados at\u00e9 quatro simulados para que os alunos possam treinar os conte\u00fados estudos em um exame real, aprender a controlar o tempo de resolu\u00e7\u00e3o das quest\u00e3o em rela\u00e7\u00e3o ao tempo de prova, al\u00e9m de adequar as suas necessidade mentais e fisiol\u00f3gicas.<\/p>\n\n\n\n<p class=\"has-black-color has-text-color has-medium-font-size\"><strong>Como o projeto se mant\u00e9m<\/strong><\/p>\n\n\n\n<p class=\"has-black-color has-text-color has-medium-font-size\">O Projeto se mant\u00e9m na base de rateios, doa\u00e7\u00f5es e colabora\u00e7\u00f5es financeiras, por parte de alunos e da comunidade, captadas de maneira externa ao local em que s\u00e3o realizadas as atividades. Isso para que possamos manter a estrutura do projeto e as aulas. Com os valores s\u00e3o adquiridos canet\u00f5es, apagadores, tinta para impressora, provimento do almo\u00e7o e demais itens que exigem esfor\u00e7os para manuten\u00e7\u00e3o de tudo que acontece no projeto.<\/p>\n\n\n\n<p class=\"has-black-color has-text-color has-medium-font-size\"><strong>Atividades externas<\/strong><\/p>\n\n\n\n<p class=\"has-black-color has-text-color has-medium-font-size\">Costumamos realizar atividades que integrem o aluno com arte, cultura e entretenimento como Saraus, Visitas a museus e faculdades, al\u00e9m de confraterniza\u00e7\u00f5es, pois acreditamos que este \u00e9 um fator integrativo entre todos que comp\u00f5em o projeto.<\/p>\n\n\n\n<p class=\"has-black-color has-text-color has-medium-font-size\">O suporte psicossocial tamb\u00e9m est\u00e1 incluso dentro das preocupa\u00e7\u00f5es do projeto. S\u00e3o oferecidos encontros com os psic\u00f3logos e assistentes sociais do projeto, bem como \u00e9 exigida a participa\u00e7\u00e3o da fam\u00edlia na forma\u00e7\u00e3o do aluno, pois ela reflete no \u00e2mbito familiar do estudante, sendo necess\u00e1rio entendimento e parceria nesta fase de defini\u00e7\u00e3o da carreira pretendida. Os volunt\u00e1rios da \u00e1rea psicossocial, caso necess\u00e1rio, realizar\u00e3o encontros durante a semana em situa\u00e7\u00f5es pontuais ou mesmo entrevistas com o aluno e\/ou a fam\u00edlia.<\/p>\n\n\n\n<p class=\"has-black-color has-text-color has-medium-font-size\"><strong>Nosso desejo<\/strong><\/p>\n\n\n\n<p class=\"has-black-color has-text-color has-medium-font-size\">Queremos colaborar n\u00e3o apenas na ascens\u00e3o profissional ao aluno, mas na conscientiza\u00e7\u00e3o do seu papel na sociedade, fam\u00edlia e replica\u00e7\u00e3o do modelo de sucesso e acesso \u00e0 educa\u00e7\u00e3o por todos em sua volta.<\/p>\n\n\n\n<p class=\"has-black-color has-text-color has-medium-font-size\">O engajamento do aluno, fam\u00edlia e comunidade \u00e9 essencial para que as metas e objetivos de todos os envolvidos sejam alcan\u00e7ados.<\/p>\n\n\n\n<p class=\"has-black-color has-text-color has-medium-font-size\">Clique <a href=\"http:\/\/cursocomunitariobonsucesso.com.br\/queroestudar\" data-type=\"URL\" data-id=\"http:\/\/cursocomunitariobonsucesso.com.br\/queroestudar\"><strong><span class=\"has-inline-color has-vivid-cyan-blue-color\">aqui<\/span><\/strong><\/a> caso tenha o desejo de realizar a inscri\u00e7\u00e3o.<\/p>\n\n\n\n<p class=\"has-medium-font-size\"><\/p>\n<div class='sfsi_Sicons' style='width: 100%; display: inline-block; vertical-align: middle; text-align:left'><div style='margin:0px 8px 0px 0px; line-height: 24px'><span>Compartilhe, curta e siga!!!<\/span><\/div><div class='sfsi_socialwpr'><div class='sf_fb_share sf_icon' style='text-align:left;vertical-align: middle;'><a href='https:\/\/www.facebook.com\/sharer\/sharer.php?u=https%3A%2F%2Fcursocomunitariobonsucesso.com.br%2Fsite%2Fcomo-funciona%2F' style='display:inline-block;'  > <img class='sfsi_wicon'  data-pin-nopin='true' width='auto' height='auto' alt='fb-share-icon' title='Facebook Share' src='https:\/\/cursocomunitariobonsucesso.com.br\/site\/wp-content\/plugins\/ultimate-social-media-icons\/images\/visit_icons\/fbshare_bck.png'  \/><\/a><\/div><div class='sf_twiter sf_icon' style='display: inline-block;vertical-align: middle;width: auto;margin-left: 7px;'>\r\n\t\t\t\t\t\t<a target='_blank' href='https:\/\/twitter.com\/intent\/tweet?text=Como+Funciona+https:\/\/cursocomunitariobonsucesso.com.br\/site\/como-funciona\/'style='display:inline-block' >\r\n\t\t\t\t\t\t\t<img data-pin-nopin= true width='auto' class='sfsi_wicon' src='https:\/\/cursocomunitariobonsucesso.com.br\/site\/wp-content\/plugins\/ultimate-social-media-icons\/images\/visit_icons\/en_US_Tweet.svg' alt='Tweet' title='Tweet' >\r\n\t\t\t\t\t\t<\/a>\r\n\t\t\t\t\t<\/div><\/div><\/div>","protected":false},"excerpt":{"rendered":"<p>O Cursinho Comunit\u00e1rio Bonsucesso \u00e9 um projeto sem fins lucrativos composto por volunt\u00e1rios de diversas \u00e1reas, desde os professores que atuam em sala de aula com conte\u00fado, passando pelos orientadores (ex-alunos, universit\u00e1rios) que colaboram na organiza\u00e7\u00e3o das aulas virtualmente e presencialmente, pais e agentes da comunidade que colaboram no almo\u00e7o e finalmente os alunos que [&hellip;]<\/p>\n","protected":false},"author":1,"featured_media":0,"parent":0,"menu_order":0,"comment_status":"closed","ping_status":"closed","template":"","meta":[],"_links":{"self":[{"href":"https:\/\/cursocomunitariobonsucesso.com.br\/site\/wp-json\/wp\/v2\/pages\/305"}],"collection":[{"href":"https:\/\/cursocomunitariobonsucesso.com.br\/site\/wp-json\/wp\/v2\/pages"}],"about":[{"href":"https:\/\/cursocomunitariobonsucesso.com.br\/site\/wp-json\/wp\/v2\/types\/page"}],"author":[{"embeddable":true,"href":"https:\/\/cursocomunitariobonsucesso.com.br\/site\/wp-json\/wp\/v2\/users\/1"}],"replies":[{"embeddable":true,"href":"https:\/\/cursocomunitariobonsucesso.com.br\/site\/wp-json\/wp\/v2\/comments?post=305"}],"version-history":[{"count":35,"href":"https:\/\/cursocomunitariobonsucesso.com.br\/site\/wp-json\/wp\/v2\/pages\/305\/revisions"}],"predecessor-version":[{"id":1654,"href":"https:\/\/cursocomunitariobonsucesso.com.br\/site\/wp-json\/wp\/v2\/pages\/305\/revisions\/1654"}],"wp:attachment":[{"href":"https:\/\/cursocomunitariobonsucesso.com.br\/site\/wp-json\/wp\/v2\/media?parent=305"}],"curies":[{"name":"wp","href":"https:\/\/api.w.org\/{rel}","templated":true}]}}